{"id":196,"date":"2024-03-18T01:23:01","date_gmt":"2024-03-18T00:23:01","guid":{"rendered":"http:\/\/rollinparis.local\/?page_id=196"},"modified":"2025-08-31T00:00:00","modified_gmt":"2025-08-30T22:00:00","slug":"nos-boutiques","status":"publish","type":"page","link":"https:\/\/rollinparis.fr\/?page_id=196","title":{"rendered":"BOUTIQUES"},"content":{"rendered":"<p>[et_pb_section fb_built=&#8221;1&#8243; _builder_version=&#8221;4.24.2&#8243; _module_preset=&#8221;default&#8221; custom_padding=&#8221;0px|||||&#8221; hover_enabled=&#8221;0&#8243; global_colors_info=&#8221;{}&#8221; use_background_color_gradient=&#8221;on&#8221; background_color_gradient_stops=&#8221;#f4bef4 0%|rgba(239,103,221,0) 100%&#8221; sticky_enabled=&#8221;0&#8243;][et_pb_row column_structure=&#8221;1_4,1_4,1_4,1_4&#8243; _builder_version=&#8221;4.24.2&#8243; _module_preset=&#8221;default&#8221; min_height=&#8221;153.4px&#8221; hover_enabled=&#8221;0&#8243; global_colors_info=&#8221;{}&#8221; sticky_enabled=&#8221;0&#8243;][et_pb_column type=&#8221;1_4&#8243; _builder_version=&#8221;4.24.2&#8243; _module_preset=&#8221;default&#8221; global_colors_info=&#8221;{}&#8221;][et_pb_text _builder_version=&#8221;4.24.2&#8243; _module_preset=&#8221;default&#8221; hover_enabled=&#8221;0&#8243; global_colors_info=&#8221;{}&#8221; sticky_enabled=&#8221;0&#8243;]<\/p>\n<h3 style=\"text-align: center;\"><strong>Roll In Paris 11<br \/>Coffee shop<\/strong><strong><\/strong><\/h3>\n<p style=\"text-align: center;\">Situ\u00e9 en plein coeur du 11 \u00e8me, pr\u00e8s de bastille.<\/p>\n<p style=\"text-align: center;\">Horaires: Lundi \u2013 Dimanche: 9h \u2013 20h30<\/p>\n<p style=\"text-align: center;\">62 rue du Chemin Vert 75011 Paris<\/p>\n<p style=\"text-align: center;\">Saint Ambroise \u2013 Voltaire \u2013 Ligne 9<br \/>Richard Lenoir \u2013 Ligne 5<\/p>\n<p>[\/et_pb_text][\/et_pb_column][et_pb_column type=&#8221;1_4&#8243; _builder_version=&#8221;4.24.2&#8243; _module_preset=&#8221;default&#8221; global_colors_info=&#8221;{}&#8221;][et_pb_text _builder_version=&#8221;4.24.2&#8243; _module_preset=&#8221;default&#8221; global_colors_info=&#8221;{}&#8221;]<\/p>\n<h3 style=\"text-align: center;\"><strong>Roll In Paris 2<br \/>Coffee shop &amp; Brunch<\/strong><strong><\/strong><\/h3>\n<p style=\"text-align: center;\">Situ\u00e9 en plein coeur de sentier pr\u00e8s de ch\u00e2telet.<\/p>\n<p style=\"text-align: center;\">Horaires: Mardi &#8211; Dimanche: 11h &#8211; 19h<\/p>\n<p style=\"text-align: center;\">60 rue de Cl\u00e9ry 75002 Paris<\/p>\n<p style=\"text-align: center;\">Sentier &#8211; Ligne 3<br \/>Strasbourg Saint Denis &#8211; Ligne 4-8-9<\/p>\n<p>[\/et_pb_text][\/et_pb_column][et_pb_column type=&#8221;1_4&#8243; _builder_version=&#8221;4.24.2&#8243; _module_preset=&#8221;default&#8221; global_colors_info=&#8221;{}&#8221;][et_pb_text _builder_version=&#8221;4.24.2&#8243; _module_preset=&#8221;default&#8221; global_colors_info=&#8221;{}&#8221;]<\/p>\n<h3 style=\"text-align: center;\"><strong>Roll in La D\u00e9fense<br \/>Coffee shop &amp; Cantine<\/strong><strong><\/strong><\/h3>\n<p style=\"text-align: center;\">Situ\u00e9 dans le centre commercial les 4 Temps<\/p>\n<p style=\"text-align: center;\">Horaires: Lundi &#8211; Dimanche: 9h30 &#8211; 20h30<\/p>\n<p style=\"text-align: center;\">Niveau 2, en dessous du d\u00f4me<\/p>\n<p style=\"text-align: center;\">La D\u00e9fense, Rer A, Rer E<br \/>Ligne 1<\/p>\n<p>[\/et_pb_text][\/et_pb_column][et_pb_column type=&#8221;1_4&#8243; _builder_version=&#8221;4.24.2&#8243; _module_preset=&#8221;default&#8221; global_colors_info=&#8221;{}&#8221;][et_pb_text _builder_version=&#8221;4.24.2&#8243; _module_preset=&#8221;default&#8221; global_colors_info=&#8221;{}&#8221;]<\/p>\n<h3 style=\"text-align: center;\"><strong>Roll in Rosny 2<br \/>Coffee shop &amp; Brunch<\/strong><strong><\/strong><\/h3>\n<p style=\"text-align: center;\">Situ\u00e9 dans le centre commercial westfield Rosny2<\/p>\n<p style=\"text-align: center;\">Horaires: ouverture bientot<\/p>\n<p style=\"text-align: center;\">Niveau 1<\/p>\n<p style=\"text-align: center;\">Rosny sous bois, Rer E<br \/>Ligne 11<\/p>\n<p>[\/et_pb_text][\/et_pb_column][\/et_pb_row][\/et_pb_section]<\/p>\n","protected":false},"excerpt":{"rendered":"<p>Roll In Paris 11Coffee shop Situ\u00e9 en plein coeur du 11 \u00e8me, pr\u00e8s de bastille. Horaires: Lundi \u2013 Dimanche: 9h \u2013 20h30 62 rue du Chemin Vert 75011 Paris Saint Ambroise \u2013 Voltaire \u2013 Ligne 9Richard Lenoir \u2013 Ligne 5Roll In Paris 2Coffee shop &amp; Brunch Situ\u00e9 en plein coeur de sentier pr\u00e8s de ch\u00e2telet. [&hellip;]<\/p>\n","protected":false},"author":1,"featured_media":0,"parent":0,"menu_order":0,"comment_status":"closed","ping_status":"closed","template":"","meta":{"_et_pb_use_builder":"on","_et_pb_old_content":"","_et_gb_content_width":"","footnotes":""},"class_list":["post-196","page","type-page","status-publish","hentry"],"_links":{"self":[{"href":"https:\/\/rollinparis.fr\/index.php?rest_route=\/wp\/v2\/pages\/196","targetHints":{"allow":["GET"]}}],"collection":[{"href":"https:\/\/rollinparis.fr\/index.php?rest_route=\/wp\/v2\/pages"}],"about":[{"href":"https:\/\/rollinparis.fr\/index.php?rest_route=\/wp\/v2\/types\/page"}],"author":[{"embeddable":true,"href":"https:\/\/rollinparis.fr\/index.php?rest_route=\/wp\/v2\/users\/1"}],"replies":[{"embeddable":true,"href":"https:\/\/rollinparis.fr\/index.php?rest_route=%2Fwp%2Fv2%2Fcomments&post=196"}],"version-history":[{"count":23,"href":"https:\/\/rollinparis.fr\/index.php?rest_route=\/wp\/v2\/pages\/196\/revisions"}],"predecessor-version":[{"id":506,"href":"https:\/\/rollinparis.fr\/index.php?rest_route=\/wp\/v2\/pages\/196\/revisions\/506"}],"wp:attachment":[{"href":"https:\/\/rollinparis.fr\/index.php?rest_route=%2Fwp%2Fv2%2Fmedia&parent=196"}],"curies":[{"name":"wp","href":"https:\/\/api.w.org\/{rel}","templated":true}]}}