{"id":26,"date":"2024-02-28T19:09:48","date_gmt":"2024-02-28T18:09:48","guid":{"rendered":"http:\/\/rollinparis.local\/?page_id=26"},"modified":"2025-08-31T00:25:46","modified_gmt":"2025-08-30T22:25:46","slug":"faq","status":"publish","type":"page","link":"https:\/\/rollinparis.fr\/?page_id=26","title":{"rendered":"\u00c0 PROPOS"},"content":{"rendered":"<p>[et_pb_section fb_built=\u00a0\u00bb1&Prime; _builder_version=\u00a0\u00bb4.24.2&Prime; custom_padding=\u00a0\u00bb3px|||||\u00a0\u00bb hover_enabled=\u00a0\u00bb0&Prime; global_colors_info=\u00a0\u00bb{}\u00a0\u00bb use_background_color_gradient=\u00a0\u00bbon\u00a0\u00bb background_color_gradient_stops=\u00a0\u00bb#f5d8ff 0%|#9b769b 100%\u00a0\u00bb sticky_enabled=\u00a0\u00bb0&Prime;][et_pb_row _builder_version=\u00a0\u00bb4.24.2&Prime; background_size=\u00a0\u00bbinitial\u00a0\u00bb background_position=\u00a0\u00bbtop_left\u00a0\u00bb background_repeat=\u00a0\u00bbrepeat\u00a0\u00bb global_colors_info=\u00a0\u00bb{}\u00a0\u00bb][et_pb_column type=\u00a0\u00bb4_4&Prime; _builder_version=\u00a0\u00bb4.16&Prime; custom_padding=\u00a0\u00bb|||\u00a0\u00bb global_colors_info=\u00a0\u00bb{}\u00a0\u00bb custom_padding__hover=\u00a0\u00bb|||\u00a0\u00bb][et_pb_text _builder_version=\u00a0\u00bb4.24.2&Prime; header_font=\u00a0\u00bbAlkalami||||||||\u00a0\u00bb header_2_font=\u00a0\u00bbAlkalami||||||||\u00a0\u00bb background_size=\u00a0\u00bbinitial\u00a0\u00bb background_position=\u00a0\u00bbtop_left\u00a0\u00bb background_repeat=\u00a0\u00bbrepeat\u00a0\u00bb global_colors_info=\u00a0\u00bb{}\u00a0\u00bb]<!-- divi:heading --><\/p>\n<h1 class=\"p1\" style=\"text-align: center;\"><b>Notre histoire<\/b><\/h1>\n<p><b><\/b><\/p>\n<p><b><\/b><\/p>\n<h2 class=\"p1\" style=\"text-align: center;\"><b>Hiba &amp; Jaafar, amoureux de la cuisine <\/b><\/h2>\n<p style=\"text-align: center;\"><!-- \/divi:heading --><\/p>\n<p class=\"p1\" style=\"text-align: center;\">Nous sommes Hiba et Jaafar, amoureux de la cuisine et de la culture am\u00e9ricaine. Nous avons longtemps r\u00eav\u00e9 d\u2019ouvrir un Coffee shop pour y proposer les diff\u00e9rentes cr\u00e9ations d\u2019Hiba. Grands fanatiques des recettes automnales, Hiba pr\u00e9parait chaque semaine des cinnamon rolls. Test\u00e9 et valid\u00e9 par notre entourage, nous avons eu l\u2019id\u00e9e de cr\u00e9e un bar \u00e0 cinnamon rolls.<\/p>\n<p style=\"text-align: center;\"><!-- \/divi:paragraph --><\/p>\n<p style=\"text-align: center;\"><!-- divi:heading --><\/p>\n<h2 class=\"p1\" style=\"text-align: center;\"><b>Roll in paris 11 \u00e8me <\/b><\/h2>\n<p style=\"text-align: center;\"><!-- \/divi:heading --><\/p>\n<p style=\"text-align: center;\"><!-- divi:paragraph -->En juin 2023, nous avons d\u00e9cid\u00e9 d\u2019ouvrir notre boutique \u00e0 Paris dans le 11 \u00e8me arrondissement. En seulement deux semaines, gr\u00e2ce aux r\u00e9seaux sociaux et le bouche-\u00e0-oreille, nous avons tripl\u00e9s nos quantit\u00e9s de fabrication. Depuis, files d\u2019attente \u00e0 rallonge et produits sold-out en quelques heures seulement, la success-story est en marche\u2026<\/p>\n<p style=\"text-align: center;\"><!-- \/divi:paragraph --><\/p>\n<p style=\"text-align: center;\"><!-- divi:heading --><\/p>\n<h2 class=\"p1\" style=\"text-align: center;\"><b>Des cinnamon rolls made with love <\/b><\/h2>\n<p style=\"text-align: center;\"><!-- \/divi:heading --><\/p>\n<p class=\"p1\" style=\"text-align: center;\">Si le succ\u00e8s de la recette r\u00e9side dans la texture de la p\u00e2te et la cr\u00e8me secr\u00e8te (fabriqu\u00e9s \u00e0 la main), nous apportons une attention toute particuli\u00e8re \u00e0 la s\u00e9lection de leurs mati\u00e8res premi\u00e8res : \u0153ufs de poules \u00e9lev\u00e9es en plein air, beurre de campagne de la r\u00e9gion\u2026 Des produits nobles issus de circuits courts, indispensables selon nous \u00e0 la conception du roll parfait. De plus, ces ingr\u00e9dients \u00e9tant \u00e0 l\u2019origine du tout premier roll et du succ\u00e8s qui a suivi, pas question d\u2019en changer !<\/p>\n<p style=\"text-align: center;\"><!-- \/divi:paragraph --><\/p>\n<p style=\"text-align: center;\"><!-- divi:heading --><\/p>\n<h2 class=\"p1\" style=\"text-align: center;\"><b>Des rolls originaux <\/b><\/h2>\n<p style=\"text-align: center;\"><!-- \/divi:heading --><\/p>\n<p style=\"text-align: center;\"><!-- divi:paragraph -->Hiba qui est \u00e0 la t\u00eate de la cr\u00e9ation, continue de renouveler en cr\u00e9ant des rolls originaux et \u00e9ph\u00e9m\u00e8res \u00e0 la touche \u00ab USA \u00bb comme le Gingerbread roll (aux pains d\u2019\u00e9pices) ou encore le Pumpkin Spice roll pour l&rsquo;automne.<\/p>\n<p><!-- \/divi:paragraph -->[\/et_pb_text][\/et_pb_column][\/et_pb_row][\/et_pb_section]<\/p>\n","protected":false},"excerpt":{"rendered":"<p>Notre histoire Hiba &amp; Jaafar, amoureux de la cuisine Nous sommes Hiba et Jaafar, amoureux de la cuisine et de la culture am\u00e9ricaine. Nous avons longtemps r\u00eav\u00e9 d\u2019ouvrir un Coffee shop pour y proposer les diff\u00e9rentes cr\u00e9ations d\u2019Hiba. Grands fanatiques des recettes automnales, Hiba pr\u00e9parait chaque semaine des cinnamon rolls. Test\u00e9 et valid\u00e9 par notre [&hellip;]<\/p>\n","protected":false},"author":1,"featured_media":0,"parent":0,"menu_order":0,"comment_status":"closed","ping_status":"closed","template":"","meta":{"_et_pb_use_builder":"on","_et_pb_old_content":"<!-- wp:heading -->\n<h2 class=\"wp-block-heading\"><strong>Hiba &amp; Jaafar, amoureux de la cuisine<\/strong><\/h2>\n<!-- \/wp:heading -->\n\n<!-- wp:paragraph -->\n<p>Nous sommes Hiba et Jaafar, amoureux de la cuisine et de la culture am\u00e9ricaine. Nous avons longtemps r\u00eav\u00e9 d\u2019ouvrir un Coffee shop pour y proposer les diff\u00e9rentes cr\u00e9ations d\u2019Hiba. Grands fanatiques des recettes automnales, Hiba pr\u00e9parait chaque semaine des cinnamon rolls. Test\u00e9 et valid\u00e9 par notre entourage, nous avons eu l\u2019id\u00e9e de cr\u00e9e un bar \u00e0 cinnamon rolls.<\/p>\n<!-- \/wp:paragraph -->\n\n<!-- wp:heading -->\n<h2 class=\"wp-block-heading\"><strong>Roll in paris 11 \u00e8me<\/strong><\/h2>\n<!-- \/wp:heading -->\n\n<!-- wp:paragraph -->\n<p>En juin 2023, nous avons d\u00e9cid\u00e9 d\u2019ouvrir notre boutique \u00e0 Paris dans le 11 \u00e8me arrondissement. En seulement deux semaines, gr\u00e2ce aux r\u00e9seaux sociaux et le bouche-\u00e0-oreille, nous avons tripl\u00e9s nos quantit\u00e9s de fabrication. Depuis, files d\u2019attente \u00e0 rallonge et produits sold-out en quelques heures seulement, la success-story est en marche\u2026<\/p>\n<!-- \/wp:paragraph -->\n\n<!-- wp:heading -->\n<h2 class=\"wp-block-heading\"><strong>Des cinnamon rolls made with love<\/strong><\/h2>\n<!-- \/wp:heading -->\n\n<!-- wp:paragraph -->\n<p>Si le succ\u00e8s de la recette r\u00e9side dans la texture de la p\u00e2te et la cr\u00e8me secr\u00e8te (fabriqu\u00e9s \u00e0 la main), nous apportons une attention toute particuli\u00e8re \u00e0 la s\u00e9lection de leurs mati\u00e8res premi\u00e8res : \u0153ufs de poules \u00e9lev\u00e9es en plein air, beurre de campagne de la r\u00e9gion\u2026 Des produits nobles issus de circuits courts, indispensables selon nous \u00e0 la conception du roll parfait. De plus, ces ingr\u00e9dients \u00e9tant \u00e0 l\u2019origine du tout premier roll et du succ\u00e8s qui a suivi, pas question d\u2019en changer !<\/p>\n<!-- \/wp:paragraph -->\n\n<!-- wp:heading -->\n<h2 class=\"wp-block-heading\"><strong>Des rolls originaux<\/strong><\/h2>\n<!-- \/wp:heading -->\n\n<!-- wp:paragraph -->\n<p>Hiba qui est \u00e0 la t\u00eate de la cr\u00e9ation, continue de renouveler en cr\u00e9ant des rolls originaux et \u00e9ph\u00e9m\u00e8res \u00e0 la touche \u00ab USA \u00bb comme le Gingerbread roll (aux pains d\u2019\u00e9pices) ou encore le Pumpkin Spice roll pour l'automne.<\/p>\n<!-- \/wp:paragraph -->","_et_gb_content_width":"2880","footnotes":""},"class_list":["post-26","page","type-page","status-publish","hentry"],"_links":{"self":[{"href":"https:\/\/rollinparis.fr\/index.php?rest_route=\/wp\/v2\/pages\/26","targetHints":{"allow":["GET"]}}],"collection":[{"href":"https:\/\/rollinparis.fr\/index.php?rest_route=\/wp\/v2\/pages"}],"about":[{"href":"https:\/\/rollinparis.fr\/index.php?rest_route=\/wp\/v2\/types\/page"}],"author":[{"embeddable":true,"href":"https:\/\/rollinparis.fr\/index.php?rest_route=\/wp\/v2\/users\/1"}],"replies":[{"embeddable":true,"href":"https:\/\/rollinparis.fr\/index.php?rest_route=%2Fwp%2Fv2%2Fcomments&post=26"}],"version-history":[{"count":16,"href":"https:\/\/rollinparis.fr\/index.php?rest_route=\/wp\/v2\/pages\/26\/revisions"}],"predecessor-version":[{"id":542,"href":"https:\/\/rollinparis.fr\/index.php?rest_route=\/wp\/v2\/pages\/26\/revisions\/542"}],"wp:attachment":[{"href":"https:\/\/rollinparis.fr\/index.php?rest_route=%2Fwp%2Fv2%2Fmedia&parent=26"}],"curies":[{"name":"wp","href":"https:\/\/api.w.org\/{rel}","templated":true}]}}