{"id":28,"date":"2024-02-28T19:10:06","date_gmt":"2024-02-28T18:10:06","guid":{"rendered":"http:\/\/rollinparis.local\/?page_id=28"},"modified":"2025-08-29T13:52:00","modified_gmt":"2025-08-29T11:52:00","slug":"clickcollect","status":"publish","type":"page","link":"https:\/\/rollinparis.fr\/?page_id=28","title":{"rendered":"EVENTS"},"content":{"rendered":"<p>[et_pb_section fb_built=&#8221;1&#8243; _builder_version=&#8221;4.16&#8243; custom_padding=&#8221;3px|||||&#8221; global_colors_info=&#8221;{}&#8221; theme_builder_area=&#8221;post_content&#8221;][et_pb_row _builder_version=&#8221;4.24.2&#8243; background_size=&#8221;initial&#8221; background_position=&#8221;top_left&#8221; background_repeat=&#8221;repeat&#8221; global_colors_info=&#8221;{}&#8221; theme_builder_area=&#8221;post_content&#8221;][et_pb_column type=&#8221;4_4&#8243; _builder_version=&#8221;4.16&#8243; custom_padding=&#8221;|||&#8221; global_colors_info=&#8221;{}&#8221; custom_padding__hover=&#8221;|||&#8221; theme_builder_area=&#8221;post_content&#8221;][et_pb_text _builder_version=&#8221;4.24.2&#8243; header_font=&#8221;Alkalami||||||||&#8221; header_2_font=&#8221;Alkalami||||||||&#8221; background_size=&#8221;initial&#8221; background_position=&#8221;top_left&#8221; background_repeat=&#8221;repeat&#8221; global_colors_info=&#8221;{}&#8221; theme_builder_area=&#8221;post_content&#8221;]<!-- divi:heading --><\/p>\n<h1 class=\"p1\" style=\"text-align: center;\"><b>\u00c9v\u00e9nements et catering<\/b><\/h1>\n<p><b><\/b><\/p>\n<p><b><\/b><\/p>\n<p style=\"text-align: center;\">\n<p style=\"text-align: center;\"><!-- \/divi:paragraph --><\/p>\n<p style=\"text-align: center;\"><!-- divi:heading --><\/p>\n<h2 class=\"p1\" style=\"text-align: center;\"><\/h2>\n<p><b><\/b><\/p>\n<p><b><span>Faites confiance \u00e0 Roll in pour transformer votre prochain \u00e9v\u00e9nement en une exp\u00e9rience originale et inoubliable. Contactez-nous d\u00e8s aujourd&#8217;hui pour discuter de vos besoins en mati\u00e8re de catering et laissez-nous vous guider dans la cr\u00e9ation d&#8217;une offre sur mesure qui refl\u00e8te votre style et impressionne vos convives.<\/span><\/b><\/p>\n<p>&nbsp;<\/p>\n<p>&nbsp;<\/p>\n<p><!-- \/divi:paragraph -->[\/et_pb_text][\/et_pb_column][\/et_pb_row][\/et_pb_section]<\/p>\n","protected":false},"excerpt":{"rendered":"<p>\u00c9v\u00e9nements et catering Faites confiance \u00e0 Roll in pour transformer votre prochain \u00e9v\u00e9nement en une exp\u00e9rience originale et inoubliable. Contactez-nous d\u00e8s aujourd&#8217;hui pour discuter de vos besoins en mati\u00e8re de catering et laissez-nous vous guider dans la cr\u00e9ation d&#8217;une offre sur mesure qui refl\u00e8te votre style et impressionne vos convives. &nbsp; &nbsp;<\/p>\n","protected":false},"author":1,"featured_media":0,"parent":0,"menu_order":0,"comment_status":"closed","ping_status":"closed","template":"","meta":{"_et_pb_use_builder":"on","_et_pb_old_content":"<!-- wp:paragraph -->\n<p>Events and catering<\/p>\n<!-- \/wp:paragraph -->","_et_gb_content_width":"","footnotes":""},"class_list":["post-28","page","type-page","status-publish","hentry"],"_links":{"self":[{"href":"https:\/\/rollinparis.fr\/index.php?rest_route=\/wp\/v2\/pages\/28","targetHints":{"allow":["GET"]}}],"collection":[{"href":"https:\/\/rollinparis.fr\/index.php?rest_route=\/wp\/v2\/pages"}],"about":[{"href":"https:\/\/rollinparis.fr\/index.php?rest_route=\/wp\/v2\/types\/page"}],"author":[{"embeddable":true,"href":"https:\/\/rollinparis.fr\/index.php?rest_route=\/wp\/v2\/users\/1"}],"replies":[{"embeddable":true,"href":"https:\/\/rollinparis.fr\/index.php?rest_route=%2Fwp%2Fv2%2Fcomments&post=28"}],"version-history":[{"count":5,"href":"https:\/\/rollinparis.fr\/index.php?rest_route=\/wp\/v2\/pages\/28\/revisions"}],"predecessor-version":[{"id":477,"href":"https:\/\/rollinparis.fr\/index.php?rest_route=\/wp\/v2\/pages\/28\/revisions\/477"}],"wp:attachment":[{"href":"https:\/\/rollinparis.fr\/index.php?rest_route=%2Fwp%2Fv2%2Fmedia&parent=28"}],"curies":[{"name":"wp","href":"https:\/\/api.w.org\/{rel}","templated":true}]}}